{"id":66,"date":"2015-09-29T10:26:38","date_gmt":"2015-09-29T10:26:38","guid":{"rendered":"http:\/\/omit.se\/?page_id=66"},"modified":"2020-08-08T08:41:02","modified_gmt":"2020-08-08T08:41:02","slug":"om-omit","status":"publish","type":"page","link":"https:\/\/www.omit.se\/index.php\/om-omit\/","title":{"rendered":"Om Omit"},"content":{"rendered":"<p><span style=\"font-family: arial, helvetica, sans-serif; font-size: 14pt;\">Omit Consulting AB grundades 2001 av Caroline Cernesl med visionen att i varje projekt bidra till leverans av \u00f6nskat resultat med h\u00f6g kvalitet och i r\u00e4tt tid. <\/span><\/p>\n<p><span style=\"font-family: arial, helvetica, sans-serif; font-size: 14pt;\">Carolines utbildning \u00e4r fil. kand. systemvetenskap och civilekonom.<\/span><\/p>\n<p><span style=\"font-family: arial, helvetica, sans-serif; font-size: 14pt;\">Bolaget har en anst\u00e4lld och ett n\u00e4tverk med andra kompetenser.<\/span><\/p>\n","protected":false},"excerpt":{"rendered":"<p>Omit Consulting AB grundades 2001 av Caroline Cernesl med visionen att i varje projekt bidra till leverans av \u00f6nskat resultat med h\u00f6g kvalitet och i r\u00e4tt tid. Carolines utbildning \u00e4r fil. kand. systemvetenskap och civilekonom&#8230;.<\/p>\n","protected":false},"author":2,"featured_media":0,"parent":0,"menu_order":0,"comment_status":"closed","ping_status":"closed","template":"","meta":{"footnotes":""},"class_list":["post-66","page","type-page","status-publish","hentry"],"_links":{"self":[{"href":"https:\/\/www.omit.se\/index.php\/wp-json\/wp\/v2\/pages\/66","targetHints":{"allow":["GET"]}}],"collection":[{"href":"https:\/\/www.omit.se\/index.php\/wp-json\/wp\/v2\/pages"}],"about":[{"href":"https:\/\/www.omit.se\/index.php\/wp-json\/wp\/v2\/types\/page"}],"author":[{"embeddable":true,"href":"https:\/\/www.omit.se\/index.php\/wp-json\/wp\/v2\/users\/2"}],"replies":[{"embeddable":true,"href":"https:\/\/www.omit.se\/index.php\/wp-json\/wp\/v2\/comments?post=66"}],"version-history":[{"count":4,"href":"https:\/\/www.omit.se\/index.php\/wp-json\/wp\/v2\/pages\/66\/revisions"}],"predecessor-version":[{"id":302,"href":"https:\/\/www.omit.se\/index.php\/wp-json\/wp\/v2\/pages\/66\/revisions\/302"}],"wp:attachment":[{"href":"https:\/\/www.omit.se\/index.php\/wp-json\/wp\/v2\/media?parent=66"}],"curies":[{"name":"wp","href":"https:\/\/api.w.org\/{rel}","templated":true}]}}