{"id":52,"date":"2015-09-28T09:50:19","date_gmt":"2015-09-28T09:50:19","guid":{"rendered":"http:\/\/omit.se\/?page_id=52"},"modified":"2024-04-26T06:05:29","modified_gmt":"2024-04-26T06:05:29","slug":"erfarenheter","status":"publish","type":"page","link":"https:\/\/www.omit.se\/index.php\/erfarenheter\/","title":{"rendered":"Erfarenheter"},"content":{"rendered":"<p><span style=\"font-family: arial, helvetica, sans-serif; font-size: 14pt;\">Omit Consulting erbjuder tj\u00e4nster inom bank och finans, f\u00f6rs\u00e4kringar och detaljhandel.<br \/>Omit Consulting har erfarenheter fr\u00e5n <\/span><span style=\"font-family: arial, helvetica, sans-serif; font-size: 14pt;\">f\u00f6ljande bolag: Cap Gemini, Nasdaq Nordic, Carnegie, SEB, Handelsbanken, Folksam och H&amp;M.<\/span><\/p>\n<p><a href=\"https:\/\/www.se.capgemini.com\/\"><img loading=\"lazy\" decoding=\"async\" class=\"alignnone size-full wp-image-54\" src=\"http:\/\/omit.se\/wp-content\/uploads\/2015\/09\/Cap.png\" alt=\"Cap\" width=\"100\" height=\"60\" \/><\/a>\u00a0 \u00a0 \u00a0<a href=\"http:\/\/www.nasdaqomxnordic.com\/\"><img loading=\"lazy\" decoding=\"async\" class=\"alignnone size-medium wp-image-57\" src=\"http:\/\/omit.se\/wp-content\/uploads\/2015\/09\/Nasdaq.png\" alt=\"Nasdaq\" width=\"100\" height=\"60\" \/><\/a>\u00a0 \u00a0\u00a0<a href=\"http:\/\/www.carnegie.se\/\"><img loading=\"lazy\" decoding=\"async\" class=\"alignnone size-full wp-image-134\" src=\"http:\/\/omit.se\/wp-content\/uploads\/2015\/10\/Carnegie.png\" alt=\"Carnegie\" width=\"100\" height=\"47\" \/><\/a>\u00a0 \u00a0\u00a0<a href=\"http:\/\/www.seb.se\"><img loading=\"lazy\" decoding=\"async\" class=\"alignnone size-medium wp-image-58\" src=\"http:\/\/omit.se\/wp-content\/uploads\/2015\/09\/SEB.png\" alt=\"SEB\" width=\"60\" height=\"60\" \/><\/a>\u00a0\u00a0 \u00a0\u00a0<a href=\"http:\/\/www.handelsbanken.se\"><img loading=\"lazy\" decoding=\"async\" class=\"alignnone size-medium wp-image-55\" src=\"http:\/\/omit.se\/wp-content\/uploads\/2015\/09\/Handelsbanken.png\" alt=\"Handelsbanken\" width=\"60\" height=\"60\" \/><\/a>\u00a0 \u00a0\u00a0<\/p>\n<p><a href=\"https:\/\/www.folksam.se\"><img loading=\"lazy\" decoding=\"async\" class=\"alignnone\" src=\"https:\/\/www.omit.se\/wp-content\/uploads\/2019\/02\/Folksam-2.png\" alt=\"Folksam\" width=\"92\" height=\"61\" \/><\/a> \u00a0 \u00a0\u00a0 <a href=\"http:\/\/www.hm.com\/se\/\"><img loading=\"lazy\" decoding=\"async\" class=\"alignnone size-medium wp-image-56\" src=\"http:\/\/omit.se\/wp-content\/uploads\/2015\/09\/HM.png\" alt=\"HM\" width=\"87\" height=\"60\" \/><\/a>\u00a0 \u00a0<\/p>\n<p><span style=\"font-family: arial, helvetica, sans-serif; font-size: 14pt;\">Arbetet inneh\u00f6ll f\u00f6ljande omr\u00e5den:<\/span><\/p>\n<ul>\n<li><span style=\"font-family: arial, helvetica, sans-serif; font-size: 14pt;\">Projektledning<\/span><\/li>\n<li><span style=\"font-family: arial, helvetica, sans-serif; font-size: 14pt;\">Systemansvarig<\/span><\/li>\n<li><span style=\"font-family: arial, helvetica, sans-serif; font-size: 14pt;\">Ledare<\/span><\/li>\n<li><span style=\"font-family: arial, helvetica, sans-serif; font-size: 14pt;\">Kravhantering<\/span><\/li>\n<li><span style=\"font-family: arial, helvetica, sans-serif; font-size: 14pt;\">Informationsanalytiker<br \/><\/span><\/li>\n<li><span style=\"font-family: arial, helvetica, sans-serif; font-size: 14pt;\">F\u00f6rstudier<\/span><\/li>\n<li><span style=\"font-family: arial, helvetica, sans-serif; font-size: 14pt;\">Utredningar<\/span><\/li>\n<li><span style=\"font-family: arial, helvetica, sans-serif; font-size: 14pt;\">Kravspecifikationer<\/span><\/li>\n<li><span style=\"font-family: arial, helvetica, sans-serif; font-size: 14pt;\">Systemintegration<\/span><\/li>\n<li><span style=\"font-family: arial, helvetica, sans-serif; font-size: 14pt;\">Data warehouse<\/span><\/li>\n<li><span style=\"font-family: arial, helvetica, sans-serif; font-size: 14pt;\">Systemutveckling<\/span><\/li>\n<li><span style=\"font-family: arial, helvetica, sans-serif; font-size: 14pt;\">Testning<\/span><\/li>\n<li><span style=\"font-family: arial, helvetica, sans-serif; font-size: 14pt;\">Offerter<\/span><\/li>\n<\/ul>\n\n\n<p><\/p>\n","protected":false},"excerpt":{"rendered":"<p>Omit Consulting erbjuder tj\u00e4nster inom bank och finans, f\u00f6rs\u00e4kringar och detaljhandel.Omit Consulting har erfarenheter fr\u00e5n f\u00f6ljande bolag: Cap Gemini, Nasdaq Nordic, Carnegie, SEB, Handelsbanken, Folksam och H&amp;M. \u00a0 \u00a0 \u00a0\u00a0 \u00a0\u00a0\u00a0 \u00a0\u00a0\u00a0\u00a0 \u00a0\u00a0\u00a0 \u00a0\u00a0 \u00a0&#8230;<\/p>\n","protected":false},"author":2,"featured_media":0,"parent":0,"menu_order":0,"comment_status":"closed","ping_status":"closed","template":"","meta":{"footnotes":""},"class_list":["post-52","page","type-page","status-publish","hentry"],"_links":{"self":[{"href":"https:\/\/www.omit.se\/index.php\/wp-json\/wp\/v2\/pages\/52","targetHints":{"allow":["GET"]}}],"collection":[{"href":"https:\/\/www.omit.se\/index.php\/wp-json\/wp\/v2\/pages"}],"about":[{"href":"https:\/\/www.omit.se\/index.php\/wp-json\/wp\/v2\/types\/page"}],"author":[{"embeddable":true,"href":"https:\/\/www.omit.se\/index.php\/wp-json\/wp\/v2\/users\/2"}],"replies":[{"embeddable":true,"href":"https:\/\/www.omit.se\/index.php\/wp-json\/wp\/v2\/comments?post=52"}],"version-history":[{"count":34,"href":"https:\/\/www.omit.se\/index.php\/wp-json\/wp\/v2\/pages\/52\/revisions"}],"predecessor-version":[{"id":370,"href":"https:\/\/www.omit.se\/index.php\/wp-json\/wp\/v2\/pages\/52\/revisions\/370"}],"wp:attachment":[{"href":"https:\/\/www.omit.se\/index.php\/wp-json\/wp\/v2\/media?parent=52"}],"curies":[{"name":"wp","href":"https:\/\/api.w.org\/{rel}","templated":true}]}}