{"id":12,"date":"2015-09-23T15:13:47","date_gmt":"2015-09-23T15:13:47","guid":{"rendered":"http:\/\/omit.se\/?page_id=12"},"modified":"2021-01-18T08:48:07","modified_gmt":"2021-01-18T08:48:07","slug":"home","status":"publish","type":"page","link":"https:\/\/www.omit.se\/","title":{"rendered":"Home"},"content":{"rendered":"\n<p><span style=\"font-family: arial, helvetica, sans-serif; font-size: 18pt;\">St\u00e5r ni inf\u00f6r f\u00f6r\u00e4ndringar och nya krav?<\/span><\/p>\n\n\n\n<p><span style=\"font-family: arial, helvetica, sans-serif; font-size: 18pt;\">Vill ni effektivisera era processer och ta del av digitaliseringens m\u00f6jligheter?<\/span><\/p>\n\n\n\n<p><span style=\"font-family: arial, helvetica, sans-serif; font-size: 18pt;\">Vill ni f\u00e5 koll p\u00e5 alla delar som beh\u00f6ver g\u00f6ras f\u00f6r att komma i m\u00e5l?<br><\/span><\/p>\n\n\n\n<p><span style=\"font-family: arial, helvetica, sans-serif; font-size: 12pt;\">Omit Consulting erbjuder tj\u00e4nster inom IT som kravhantering och ledning.<br><\/span><\/p>\n\n\n\n<ul class=\"wp-block-list\"><li><span style=\"font-family: arial, helvetica, sans-serif; font-size: 12pt;\">Arbetar f\u00f6r att skapa framg\u00e5ngsrika l\u00f6sningar f\u00f6r alla parter<\/span><\/li><li><span style=\"font-family: arial, helvetica, sans-serif; font-size: 12pt;\">S\u00e4tter sig in i vad som beh\u00f6ver g\u00f6ras och koordinerar arbetsinsatserna<\/span><\/li><li><span style=\"font-family: arial, helvetica, sans-serif; font-size: 12pt;\">Arbetar strukturerat och metodiskt och h\u00e5ller momentum uppe i projektet<\/span><\/li><li><span style=\"font-family: arial, helvetica, sans-serif; font-size: 12pt;\">Str\u00e4var efter h\u00f6g kvalitet med bra prestanda i l\u00f6sningen<\/span><\/li><li><span style=\"font-family: arial, helvetica, sans-serif; font-size: 12pt;\">Skapar en positiv interaktion med spelare p\u00e5 alla niv\u00e5er<\/span><\/li><\/ul>\n\n\n\n<p><\/p>\n\n\n\n<p><span style=\"font-size: 12pt; font-family: Arial, sans-serif; color: #444545;\">&nbsp;<\/span><\/p>\n","protected":false},"excerpt":{"rendered":"<p>St\u00e5r ni inf\u00f6r f\u00f6r\u00e4ndringar och nya krav? Vill ni effektivisera era processer och ta del av digitaliseringens m\u00f6jligheter? Vill ni f\u00e5 koll p\u00e5 alla delar som beh\u00f6ver g\u00f6ras f\u00f6r att komma i m\u00e5l? Omit Consulting&#8230;<\/p>\n","protected":false},"author":2,"featured_media":0,"parent":0,"menu_order":0,"comment_status":"closed","ping_status":"closed","template":"","meta":{"footnotes":""},"class_list":["post-12","page","type-page","status-publish","hentry"],"_links":{"self":[{"href":"https:\/\/www.omit.se\/index.php\/wp-json\/wp\/v2\/pages\/12","targetHints":{"allow":["GET"]}}],"collection":[{"href":"https:\/\/www.omit.se\/index.php\/wp-json\/wp\/v2\/pages"}],"about":[{"href":"https:\/\/www.omit.se\/index.php\/wp-json\/wp\/v2\/types\/page"}],"author":[{"embeddable":true,"href":"https:\/\/www.omit.se\/index.php\/wp-json\/wp\/v2\/users\/2"}],"replies":[{"embeddable":true,"href":"https:\/\/www.omit.se\/index.php\/wp-json\/wp\/v2\/comments?post=12"}],"version-history":[{"count":83,"href":"https:\/\/www.omit.se\/index.php\/wp-json\/wp\/v2\/pages\/12\/revisions"}],"predecessor-version":[{"id":355,"href":"https:\/\/www.omit.se\/index.php\/wp-json\/wp\/v2\/pages\/12\/revisions\/355"}],"wp:attachment":[{"href":"https:\/\/www.omit.se\/index.php\/wp-json\/wp\/v2\/media?parent=12"}],"curies":[{"name":"wp","href":"https:\/\/api.w.org\/{rel}","templated":true}]}}